{"id":10189,"date":"2024-09-25T06:45:22","date_gmt":"2024-09-25T04:45:22","guid":{"rendered":"https:\/\/albiz.org.mk\/investime-me-ndikim-shoqeror-ne-komunitete\/"},"modified":"2024-09-25T14:50:39","modified_gmt":"2024-09-25T12:50:39","slug":"investime-me-ndikim-shoqeror-ne-komunitete","status":"publish","type":"page","link":"https:\/\/albiz.org.mk\/en\/investime-me-ndikim-shoqeror-ne-komunitete\/","title":{"rendered":"Investime me ndikim shoq\u00ebror n\u00eb komunitete"},"content":{"rendered":"\t\t<div data-elementor-type=\"wp-page\" data-elementor-id=\"10189\" class=\"elementor elementor-10189 elementor-10050\">\n\t\t\t\t<div class=\"elementor-element elementor-element-404eb60 e-grid e-con-boxed e-con e-parent\" data-id=\"404eb60\" data-element_type=\"container\" data-e-type=\"container\">\n\t\t\t\t\t<div class=\"e-con-inner\">\n\t\t\t\t<div class=\"elementor-element elementor-element-12f023c elementor-widget elementor-widget-text-editor\" data-id=\"12f023c\" data-element_type=\"widget\" data-e-type=\"widget\" data-widget_type=\"text-editor.default\">\n\t\t\t\t<div class=\"elementor-widget-container\">\n\t\t\t\t\t\t\t\t\t<h4>P\u00cbRSHKRIMI I PROGRAMIT<\/h4><p>Ky program \u00ebsht\u00eb pjes\u00eb e iniciativ\u00ebs Local Works t\u00eb USAID Maqedonia e Veriut, q\u00eb ka p\u00ebr q\u00ebllim t\u2019i fuqizoj\u00eb aktor\u00ebt lokal q\u00eb t\u00eb nd\u00ebrmarrin udh\u00ebheqje n\u00eb identifikimin dhe p\u00ebrballjen me sfidat zhvillimore n\u00eb komitetet e tyre.<\/p><p>Q\u00ebllimi i projektit Investime me ndikim shoq\u00ebror n\u00eb komunitete \u00ebsht\u00eb rritja e investimeve t\u00eb sektorit privat q\u00eb do t\u00eb rezultoj\u00eb me ndikim pozitiv shoq\u00ebror dhe do t\u00eb p\u00ebrmir\u00ebsoj\u00eb standardet e jetes\u00ebs p\u00ebr t\u00eb gjith\u00eb qytetar\u00ebt n\u00eb kat\u00ebr komunat n\u00eb pjes\u00ebn veriper\u00ebndimore t\u00eb vendit (Saraj, Zhelin\u00eb, B\u00ebrvenic\u00eb dhe Tearc\u00eb). Ky aktivitet i ndihmon bizneset q\u00eb t\u00eb b\u00ebhen shtyt\u00ebs t\u00eb njohur t\u00eb zhvillimit t\u00eb nxitur nga iniciativat n\u00eb nivel lokal, n\u00eb m\u00ebnyr\u00eb q\u00eb t\u00eb gjenerojn\u00eb ide, t\u00eb zhvillojn\u00eb projekte dhe t\u00eb mobilizojn\u00eb resurse p\u00ebr zbatimin e tyre s\u00eb bashku me qytetar\u00ebt, organizatat qytetare, autoritetet komunale dhe pal\u00ebt e tjera t\u00eb interesuara. Aktiviteti krijon partneritete dhe bashk\u00ebpunim nd\u00ebr sektorial p\u00ebrmes krijimit t\u00eb platformave t\u00eb sektorit publik-privat-qytetar dhe k\u00ebshillave t\u00eb zhvillimit lokal n\u00eb bashkit\u00eb e synuara. Aktiviteti gjithashtu ndihmon n\u00eb ngritjen e kapaciteteve t\u00eb pal\u00ebve t\u00eb interesuara vendore p\u00ebr planifikimin dhe zbatimin e projekteve t\u00eb zhvillimit lokal. Duke prezantuar dhe p\u00ebrmir\u00ebsuar modelin ekzistues t\u00eb p\u00ebrgjegj\u00ebsis\u00eb shoq\u00ebrore korporatave t\u00eb Fondacionit Albiz, aktiviteti synon t\u00eb krijoj\u00eb mekanizma efektiv\u00eb dhe t\u00eb q\u00ebndruesh\u00ebm p\u00ebr zgjidhjen e problemeve t\u00eb komunitet. Nj\u00eb fokus i ve\u00e7ant\u00eb i kushtohet promovimit t\u00eb pjes\u00ebmarrjes aktive t\u00eb t\u00eb rinjve, grave dhe kategorive t\u00eb tjera t\u00eb cenueshme t\u00eb qytetar\u00ebve p\u00ebr t\u00eb p\u00ebrgatitur projekte q\u00eb do t\u00eb plot\u00ebsojn\u00eb nevojat e tyre specifike.<\/p>\t\t\t\t\t\t\t\t<\/div>\n\t\t\t\t<\/div>\n\t\t\t\t<div class=\"elementor-element elementor-element-bc90163 elementor-widget elementor-widget-text-editor\" data-id=\"bc90163\" data-element_type=\"widget\" data-e-type=\"widget\" data-widget_type=\"text-editor.default\">\n\t\t\t\t<div class=\"elementor-widget-container\">\n\t\t\t\t\t\t\t\t\t<h4>OBJEKTIVAT<\/h4><p>Rritja e investimeve t\u00eb sektorit privat n\u00eb projekte me ndikim t\u00eb gjer\u00eb shoq\u00ebror<br \/>Krijimi i partneriteteve nd\u00ebr sektoriale p\u00ebr zhvillim t\u00eb udh\u00ebhequr nga iniciativa n\u00eb nivel lokal<\/p><h4>REZULTATET E PRITURA DHE NDIKIMI<\/h4><ul><li>Vendosja e tet\u00eb partneriteteve t\u00eb reja mes aktor\u00ebve lokal.<\/li><li>Themelimi i kat\u00ebr k\u00ebshillave lokal p\u00ebr zhvillim.<\/li><li>60 ngjarje n\u00eb komunitet\/fqinj\u00ebsi p\u00ebr gjenerimin e ideve p\u00ebr projekte n\u00eb komunitet.<\/li><li>500 prezantime nga dera n\u00eb der\u00eb p\u00ebr promovimin e projekteve t\u00eb udh\u00ebhequra nga komuniteti.<\/li><li>Krijimi i ueb platform\u00ebs dhe aplikacionit p\u00ebr celular t\u00eb p\u00ebrdorur nga s\u00eb paku 20.000 individ\u00eb p\u00ebr identifikimin e problemeve t\u00eb komunitetit, gjenerimi i ideve p\u00ebr projekte dhe mobilizimin e mjeteve financiare.<\/li><li>Angazhimi i s\u00eb paku 100 aktor\u00ebve lokal p\u00ebr identifikimin dhe caktimin e \u00e7\u00ebshtjeve prioritare dhe mund\u00ebsive t\u00eb komunitetit (d.m.th. ndotja, mungesa e infrastruktur\u00ebs, sh\u00ebndeti publik, arsimi, mungesa e mund\u00ebsive p\u00ebr pun\u00eb, migrimi, sigurimi i sh\u00ebrbimeve sociale, zhvillimi ekonomik lokal etj.).<\/li><li>Zhvillimi i 80 ideve p\u00ebr projekte p\u00ebr promovimin e investimeve me ndikim shoq\u00ebror p\u00ebr q\u00ebllime t\u00eb zbatimit t\u00eb tyre n\u00eb t\u00eb ardhmen.<\/li><li>Zbatimi i s\u00eb paku 10 projekteve t\u00eb udh\u00ebhequra n\u00eb nivel lokal p\u00ebr zgjidhjen e \u00e7\u00ebshtjeve lokale prioritare.<\/li><li>P\u00ebrfshirja e s\u00eb paku 50 bizneseve prioritare t\u00eb cil\u00ebt do t\u00eb investojn\u00eb n\u00eb zhvillimin e komunitetit.<\/li><\/ul>\t\t\t\t\t\t\t\t<\/div>\n\t\t\t\t<\/div>\n\t\t\t\t\t<\/div>\n\t\t\t\t<\/div>\n\t\t<div class=\"elementor-element elementor-element-68d6385 e-flex e-con-boxed e-con e-parent\" data-id=\"68d6385\" data-element_type=\"container\" data-e-type=\"container\" data-settings=\"{&quot;background_background&quot;:&quot;classic&quot;}\">\n\t\t\t\t\t<div class=\"e-con-inner\">\n\t\t<div class=\"elementor-element elementor-element-c9b4abc e-con-full e-flex e-con e-child\" data-id=\"c9b4abc\" data-element_type=\"container\" data-e-type=\"container\">\n\t\t\t\t<div class=\"elementor-element elementor-element-88dc092 elementor-widget elementor-widget-text-editor\" data-id=\"88dc092\" data-element_type=\"widget\" data-e-type=\"widget\" data-widget_type=\"text-editor.default\">\n\t\t\t\t<div class=\"elementor-widget-container\">\n\t\t\t\t\t\t\t\t\t<p>KOH\u00cbZGJATJA:<br \/><strong>Qershor 2021 \u2013 2025<\/strong><\/p>\t\t\t\t\t\t\t\t<\/div>\n\t\t\t\t<\/div>\n\t\t\t\t<\/div>\n\t\t<div class=\"elementor-element elementor-element-8e5dac5 e-con-full e-flex e-con e-child\" data-id=\"8e5dac5\" data-element_type=\"container\" data-e-type=\"container\">\n\t\t\t\t<div class=\"elementor-element elementor-element-41a8605 elementor-widget elementor-widget-text-editor\" data-id=\"41a8605\" data-element_type=\"widget\" data-e-type=\"widget\" data-widget_type=\"text-editor.default\">\n\t\t\t\t<div class=\"elementor-widget-container\">\n\t\t\t\t\t\t\t\t\t<p>PARTNER\u00cbT P\u00cbR ZBATIM<br \/><strong>Fondacioni Albiz<\/strong> n\u00eb bashk\u00ebpunim me:<br \/><strong>Dauti Komerc<\/strong> dhe <strong>Omnium Coaching &amp; Training<\/strong><\/p>\t\t\t\t\t\t\t\t<\/div>\n\t\t\t\t<\/div>\n\t\t\t\t<\/div>\n\t\t<div class=\"elementor-element elementor-element-2ead27d e-con-full e-flex e-con e-child\" data-id=\"2ead27d\" data-element_type=\"container\" data-e-type=\"container\">\n\t\t\t\t<div class=\"elementor-element elementor-element-b10ae06 elementor-widget__width-initial elementor-widget elementor-widget-text-editor\" data-id=\"b10ae06\" data-element_type=\"widget\" data-e-type=\"widget\" data-widget_type=\"text-editor.default\">\n\t\t\t\t<div class=\"elementor-widget-container\">\n\t\t\t\t\t\t\t\t\t<p>PARTNER\u00cbT KRYESOR N\u00cb NIVEL KOMB\u00cbTAR<br \/>Autoritetet lokale t\u00eb <strong>Sarajit<\/strong>, <strong>Zhelin\u00ebs<\/strong>, <strong>B\u00ebrvenic\u00ebs<\/strong> dhe <strong>Tearc\u00ebs<\/strong><br \/><strong>Odat ekonomike, <\/strong><strong>Organizatat qytetare, <\/strong><strong>K\u00ebshillat rinore<\/strong>.<br \/>Ueb: <a href=\"https:\/\/siic.albiz.org.mk\" target=\"_blank\" rel=\"noopener\">https:\/\/siic.albiz.org.mk<\/a><\/p>\t\t\t\t\t\t\t\t<\/div>\n\t\t\t\t<\/div>\n\t\t\t\t<\/div>\n\t\t\t\t\t<\/div>\n\t\t\t\t<\/div>\n\t\t<div class=\"elementor-element elementor-element-3b917b0 e-grid e-con-boxed e-con e-parent\" data-id=\"3b917b0\" data-element_type=\"container\" data-e-type=\"container\">\n\t\t\t\t\t<div class=\"e-con-inner\">\n\t\t\t\t<div class=\"elementor-element elementor-element-2f5950e elementor-widget elementor-widget-oxpins-blog\" data-id=\"2f5950e\" data-element_type=\"widget\" data-e-type=\"widget\" data-widget_type=\"oxpins-blog.default\">\n\t\t\t\t<div class=\"elementor-widget-container\">\n\t\t\t\t\t\n\t<!--News One Start-->\n\t<section class=\"news-one\">\n\t\t<div class=\"container\">\n\t\t\t\t\t\t<div class=\"row\">\n\t\t\t\t\t\t\t\t\t\t\t\t\t<!--News One Single Start-->\n\t\t\t\t\t<div class=\"col-xl-4 col-lg-4 wow fadeInUp\" data-wow-delay=\"100ms\">\n\t\t\t\t\t\t<div class=\"news-one__single\">\n\t\t\t\t\t\t\t\t\t\t\t\t\t\t\t<div class=\"news-one__img\">\n\t\t\t\t\t\t\t\t\t<img fetchpriority=\"high\" decoding=\"async\" width=\"370\" height=\"247\" src=\"https:\/\/albiz.org.mk\/wp-content\/uploads\/2024\/07\/452976859_1198798881523157_6824950686102920721_n.jpg\" class=\"attachment-oxpins_blog_370X250 size-oxpins_blog_370X250 wp-post-image\" alt=\"\" srcset=\"https:\/\/albiz.org.mk\/wp-content\/uploads\/2024\/07\/452976859_1198798881523157_6824950686102920721_n.jpg 2048w, https:\/\/albiz.org.mk\/wp-content\/uploads\/2024\/07\/452976859_1198798881523157_6824950686102920721_n-600x400.jpg 600w, https:\/\/albiz.org.mk\/wp-content\/uploads\/2024\/07\/452976859_1198798881523157_6824950686102920721_n-560x373.jpg 560w, https:\/\/albiz.org.mk\/wp-content\/uploads\/2024\/07\/452976859_1198798881523157_6824950686102920721_n-300x200.jpg 300w, https:\/\/albiz.org.mk\/wp-content\/uploads\/2024\/07\/452976859_1198798881523157_6824950686102920721_n-768x512.jpg 768w, https:\/\/albiz.org.mk\/wp-content\/uploads\/2024\/07\/452976859_1198798881523157_6824950686102920721_n-1024x683.jpg 1024w, https:\/\/albiz.org.mk\/wp-content\/uploads\/2024\/07\/452976859_1198798881523157_6824950686102920721_n-1536x1024.jpg 1536w, https:\/\/albiz.org.mk\/wp-content\/uploads\/2024\/07\/452976859_1198798881523157_6824950686102920721_n-150x100.jpg 150w\" sizes=\"(max-width: 370px) 100vw, 370px\" \/>\t\t\t\t\t\t\t\t<\/div>\n\t\t\t\t\t\t\t\t\t\t\t\t\t\t<div class=\"news-one__content-box\">\n\t\t\t\t\t\t\t\t<div class=\"news-one__content-inner\">\n\t\t\t\t\t\t\t\t\t<div class=\"news-one__content\">\n\t\t\t\t\t\t\t\t\t\t<ul class=\"list-unstyled news-one__meta ml-0\">\n\t\t\t\t\t\t\t\t\t\t\t<li><span class=\"byline\"><span class=\"author vcard\"><a class=\"url fn n\" href=\"https:\/\/albiz.org.mk\/en\/author\/isra-a\/\"><i class=\"fas fa-user-circle\"><\/i> Albiz Foundation<\/a><\/span><\/span><\/li>\n\t\t\t\t\t\t\t\t\t\t\t\t\t\t\t\t\t\t\t\t\t<\/ul>\n\t\t\t\t\t\t\t\t\t\t<h3 class=\"news-one__title\"><a href=\"https:\/\/albiz.org.mk\/en\/hapja-e-stadiumit-besa-arena-nje-triumf-i-komunitetit-ne-cellopek-%e2%9a%bd\/\">New stadium built from scratch: A triumph of the community!<\/a><\/h3>\n\t\t\t\t\t\t\t\t\t<\/div>\n\t\t\t\t\t\t\t\t\t<div class=\"news-one__bottom\">\n\t\t\t\t\t\t\t\t\t\t<div class=\"news-one__read-more\">\n\t\t\t\t\t\t\t\t\t\t\t<a href=\"https:\/\/albiz.org.mk\/en\/hapja-e-stadiumit-besa-arena-nje-triumf-i-komunitetit-ne-cellopek-%e2%9a%bd\/\"> <span class=\"icon-right-arrow\"><\/span>Read More<\/a>\n\t\t\t\t\t\t\t\t\t\t<\/div>\n\t\t\t\t\t\t\t\t\t\t<div class=\"news-one__share\">\n\t\t\t\t\t\t\t\t\t\t\t<a href=\"#\"><i class=\"fas fa-share-alt\"><\/i><\/a>\n\t\t\t\t\t\t\t\t\t\t\t    <div class=\"news-one__social-box\">\n        <ul class=\"list-unstyled news-one__social ml-0\">\n            <li><a href=\"https:\/\/www.facebook.com\/sharer\/sharer.php?u=https%3A%2F%2Falbiz.org.mk%2Fen%2Fhapja-e-stadiumit-besa-arena-nje-triumf-i-komunitetit-ne-cellopek-%25e2%259a%25bd%2F\"><i class=\"fab fa-facebook-f\"><\/i><\/a><\/li>\n            <li><a href=\"https:\/\/twitter.com\/intent\/tweet?text=New%20stadium%20built%20from%20scratch:%20A%20triumph%20of%20the%20community!&#038;url=https%3A%2F%2Falbiz.org.mk%2Fen%2Fhapja-e-stadiumit-besa-arena-nje-triumf-i-komunitetit-ne-cellopek-%25e2%259a%25bd%2F&#038;via=Crunchify\"><i class=\"fab fa-twitter\"><\/i><\/a><\/li>\n            <li><a href=\"https:\/\/twitter.com\/intent\/tweet?text=New%20stadium%20built%20from%20scratch:%20A%20triumph%20of%20the%20community!&#038;url=https%3A%2F%2Falbiz.org.mk%2Fen%2Fhapja-e-stadiumit-besa-arena-nje-triumf-i-komunitetit-ne-cellopek-%25e2%259a%25bd%2F&#038;via=Crunchify\"><i class=\"fab fa-pinterest-p\"><\/i><\/a><\/li>\n        <\/ul>\n    <\/div>\n\t\t\t\t\t\t\t\t\t\t<\/div>\n\t\t\t\t\t\t\t\t\t<\/div>\n\t\t\t\t\t\t\t\t<\/div>\n\t\t\t\t\t\t\t\t<div class=\"news-one__date\">\n\t\t\t\t\t\t\t\t\t<p>25 Jul,24<\/p>\n\t\t\t\t\t\t\t\t<\/div>\n\t\t\t\t\t\t\t<\/div>\n\t\t\t\t\t\t<\/div>\n\t\t\t\t\t<\/div>\n\t\t\t\t\t<!--News One Single End-->\n\t\t\t\t\t\t\t\t\t\t\t\t\t\t\t<\/div>\n\t\t<\/div>\n\t<\/section>\n\t<!--News One End-->\n\n\t\t\t\t<\/div>\n\t\t\t\t<\/div>\n\t\t\t\t\t<\/div>\n\t\t\t\t<\/div>\n\t\t\t\t<\/div>\n\t\t","protected":false},"excerpt":{"rendered":"<p>P\u00cbRSHKRIMI I PROGRAMIT Ky program \u00ebsht\u00eb pjes\u00eb e iniciativ\u00ebs Local Works t\u00eb USAID Maqedonia e Veriut, q\u00eb ka p\u00ebr q\u00ebllim t\u2019i fuqizoj\u00eb aktor\u00ebt lokal q\u00eb t\u00eb nd\u00ebrmarrin udh\u00ebheqje n\u00eb identifikimin dhe p\u00ebrballjen me sfidat zhvillimore n\u00eb komitetet e tyre. Q\u00ebllimi i projektit Investime me ndikim shoq\u00ebror n\u00eb komunitete \u00ebsht\u00eb rritja e investimeve t\u00eb sektorit privat [&hellip;]<\/p>\n","protected":false},"author":8,"featured_media":0,"parent":0,"menu_order":0,"comment_status":"closed","ping_status":"closed","template":"elementor_header_footer","meta":{"footnotes":""},"class_list":["post-10189","page","type-page","status-publish","hentry"],"_links":{"self":[{"href":"https:\/\/albiz.org.mk\/en\/wp-json\/wp\/v2\/pages\/10189","targetHints":{"allow":["GET"]}}],"collection":[{"href":"https:\/\/albiz.org.mk\/en\/wp-json\/wp\/v2\/pages"}],"about":[{"href":"https:\/\/albiz.org.mk\/en\/wp-json\/wp\/v2\/types\/page"}],"author":[{"embeddable":true,"href":"https:\/\/albiz.org.mk\/en\/wp-json\/wp\/v2\/users\/8"}],"replies":[{"embeddable":true,"href":"https:\/\/albiz.org.mk\/en\/wp-json\/wp\/v2\/comments?post=10189"}],"version-history":[{"count":1,"href":"https:\/\/albiz.org.mk\/en\/wp-json\/wp\/v2\/pages\/10189\/revisions"}],"predecessor-version":[{"id":10191,"href":"https:\/\/albiz.org.mk\/en\/wp-json\/wp\/v2\/pages\/10189\/revisions\/10191"}],"wp:attachment":[{"href":"https:\/\/albiz.org.mk\/en\/wp-json\/wp\/v2\/media?parent=10189"}],"curies":[{"name":"wp","href":"https:\/\/api.w.org\/{rel}","templated":true}]}}