{"id":10209,"date":"2024-09-25T06:46:11","date_gmt":"2024-09-25T04:46:11","guid":{"rendered":"https:\/\/albiz.org.mk\/allbiz-accelerator\/"},"modified":"2024-09-29T21:18:51","modified_gmt":"2024-09-29T19:18:51","slug":"allbiz-accelerator","status":"publish","type":"page","link":"https:\/\/albiz.org.mk\/en\/allbiz-accelerator\/","title":{"rendered":"Allbiz Accelerator"},"content":{"rendered":"\t\t<div data-elementor-type=\"wp-page\" data-elementor-id=\"10209\" class=\"elementor elementor-10209 elementor-10058\">\n\t\t\t\t<div class=\"elementor-element elementor-element-79628eaa e-flex e-con-boxed e-con e-parent\" data-id=\"79628eaa\" data-element_type=\"container\" data-e-type=\"container\" data-settings=\"{&quot;background_background&quot;:&quot;classic&quot;}\">\n\t\t\t\t\t<div class=\"e-con-inner\">\n\t\t<div class=\"elementor-element elementor-element-664a5730 e-con-full e-flex e-con e-child\" data-id=\"664a5730\" data-element_type=\"container\" data-e-type=\"container\">\n\t\t\t\t<div class=\"elementor-element elementor-element-61748efd elementor-widget elementor-widget-text-editor\" data-id=\"61748efd\" data-element_type=\"widget\" data-e-type=\"widget\" data-widget_type=\"text-editor.default\">\n\t\t\t\t<div class=\"elementor-widget-container\">\n\t\t\t\t\t\t\t\t\tKOH\u00cbZGJATJA:\n<strong>Qershor 2021 \u2013 2025<\/strong>\t\t\t\t\t\t\t\t<\/div>\n\t\t\t\t<\/div>\n\t\t\t\t<\/div>\n\t\t<div class=\"elementor-element elementor-element-edc2c24 e-con-full e-flex e-con e-child\" data-id=\"edc2c24\" data-element_type=\"container\" data-e-type=\"container\">\n\t\t\t\t<div class=\"elementor-element elementor-element-38352916 elementor-widget elementor-widget-text-editor\" data-id=\"38352916\" data-element_type=\"widget\" data-e-type=\"widget\" data-widget_type=\"text-editor.default\">\n\t\t\t\t<div class=\"elementor-widget-container\">\n\t\t\t\t\t\t\t\t\t<p>PARTNER\u00cbT P\u00cbR ZBATIM<br \/><strong>Fondacioni Albiz<\/strong>, n\u00eb bashk\u00ebpunim me <strong>Dauti Komerc<\/strong> dhe <strong>Omnium Coaching &amp; Training<\/strong>.<\/p>\t\t\t\t\t\t\t\t<\/div>\n\t\t\t\t<\/div>\n\t\t\t\t<\/div>\n\t\t<div class=\"elementor-element elementor-element-743dee45 e-con-full e-flex e-con e-child\" data-id=\"743dee45\" data-element_type=\"container\" data-e-type=\"container\">\n\t\t\t\t<div class=\"elementor-element elementor-element-7579727b elementor-widget__width-initial elementor-widget elementor-widget-text-editor\" data-id=\"7579727b\" data-element_type=\"widget\" data-e-type=\"widget\" data-widget_type=\"text-editor.default\">\n\t\t\t\t<div class=\"elementor-widget-container\">\n\t\t\t\t\t\t\t\t\t<p>PARTNER\u00cbT KRYESOR N\u00cb NIVEL KOMB\u00cbTAR<br \/>Autoritetet lokale t\u00eb <strong>Sarajit<\/strong>, <strong>Zhelin\u00ebs<\/strong>, <strong>B\u00ebrvenic\u00ebs<\/strong> dhe <strong>Tearc\u00ebs<\/strong>; <strong>Odat ekonomike<\/strong>; <strong>Organizatat qytetare<\/strong>; <strong>K\u00ebshillat rinore<\/strong><br \/>Ueb: <a href=\"https:\/\/allbiz.org.mk\/about-us\/\" target=\"_blank\" rel=\"noopener\">https:\/\/allbiz.org.mk\/about-us\/<\/a><\/p>\t\t\t\t\t\t\t\t<\/div>\n\t\t\t\t<\/div>\n\t\t\t\t<\/div>\n\t\t\t\t\t<\/div>\n\t\t\t\t<\/div>\n\t\t<div class=\"elementor-element elementor-element-a84a90 e-grid e-con-boxed e-con e-parent\" data-id=\"a84a90\" data-element_type=\"container\" data-e-type=\"container\">\n\t\t\t\t\t<div class=\"e-con-inner\">\n\t\t\t\t<div class=\"elementor-element elementor-element-20fd7c5b elementor-widget elementor-widget-text-editor\" data-id=\"20fd7c5b\" data-element_type=\"widget\" data-e-type=\"widget\" data-widget_type=\"text-editor.default\">\n\t\t\t\t<div class=\"elementor-widget-container\">\n\t\t\t\t\t\t\t\t\t<h4><span style=\"color: var( --e-global-color-text ); font-family: var( --e-global-typography-text-font-family ), Sans-serif; font-weight: var( --e-global-typography-text-font-weight ); text-align: var(--text-align); font-size: 15px;\">Allbiz Accelerator \u00ebsht\u00eb nj\u00eb program rajonal q\u00eb mb\u00ebshtet sip\u00ebrmarrjen dhe inovacionin n\u00eb rajonin verilindor t\u00eb Maqedonis\u00eb, si pjes\u00eb e projektit EU p\u00ebr Rritjen Ekonomike (EU4EG). Ai ndihmon start-up-et dhe kompanit\u00eb n\u00eb rritje duke ofruar sh\u00ebrbime k\u00ebshilluese, mentorim dhe mund\u00ebsi rrjet\u00ebzimi, duke kontribuar n\u00eb rritjen ekonomike dhe krijimin e vendeve t\u00eb pun\u00ebs n\u00eb rajon.<\/span><\/h4><p><strong>Q\u00ebllimi i Projektit<\/strong><\/p><p><span style=\"color: var( --e-global-color-text ); font-family: var( --e-global-typography-text-font-family ), Sans-serif; font-weight: var( --e-global-typography-text-font-weight ); text-align: var(--text-align);\">Programi fokusohet n\u00eb fuqizimin e sip\u00ebrmarr\u00ebsve dhe inkurajimin e inovacionit, duke ofruar mb\u00ebshtetje p\u00ebr individ\u00ebt n\u00eb fazat e hershme t\u00eb zhvillimit t\u00eb biznesit. Me mentorim personal dhe sesione trajnimi, Allbiz Accelerator ndihmon n\u00eb transformimin e ideve inovative n\u00eb nd\u00ebrmarrje t\u00eb suksesshme.<\/span><\/p><p>Projekti ofron nj\u00eb mb\u00ebshtetje holistike p\u00ebr sip\u00ebrmarr\u00ebsit p\u00ebrmes sh\u00ebrbimeve t\u00eb personalizuara, mentorimit dhe pun\u00ebtorive, duke siguruar gjithashtu kapitalin fillestar p\u00ebr transformimin e ideve inovative n\u00eb sip\u00ebrmarrje t\u00eb suksesshme. Ai ofron mund\u00ebsi rrjet\u00ebzimi me ekspert\u00eb dhe investitor\u00eb p\u00ebr t\u00eb avancuar bizneset, si dhe p\u00ebrmir\u00ebson aft\u00ebsit\u00eb sip\u00ebrmarr\u00ebse p\u00ebrmes trajnimeve. Rezultatet e pritshme p\u00ebrfshijn\u00eb krijimin e partneriteteve t\u00eb reja, themelimin e k\u00ebshillave lokal\u00eb p\u00ebr zhvillim, organizimin e ngjarjeve p\u00ebr nisma komuniteti, dhe angazhimin e bizneseve p\u00ebr t\u00eb mb\u00ebshtetur projekte q\u00eb adresojn\u00eb \u00e7\u00ebshtje lokale prioritare.<\/p>\t\t\t\t\t\t\t\t<\/div>\n\t\t\t\t<\/div>\n\t\t\t\t\t<\/div>\n\t\t\t\t<\/div>\n\t\t<div class=\"elementor-element elementor-element-5f8417c1 e-grid e-con-boxed e-con e-parent\" data-id=\"5f8417c1\" data-element_type=\"container\" data-e-type=\"container\">\n\t\t\t\t\t<div class=\"e-con-inner\">\n\t\t\t\t<div class=\"elementor-element elementor-element-59742fd9 elementor-widget elementor-widget-oxpins-blog\" data-id=\"59742fd9\" data-element_type=\"widget\" data-e-type=\"widget\" data-widget_type=\"oxpins-blog.default\">\n\t\t\t\t<div class=\"elementor-widget-container\">\n\t\t\t\t\t\n\t<!--News One Start-->\n\t<section class=\"news-one\">\n\t\t<div class=\"container\">\n\t\t\t\t\t\t<div class=\"row\">\n\t\t\t\t\t\t\t\t\t\t\t\t\t\t\t\t\t\t\t<\/div>\n\t\t<\/div>\n\t<\/section>\n\t<!--News One End-->\n\n\t\t\t\t<\/div>\n\t\t\t\t<\/div>\n\t\t\t\t\t<\/div>\n\t\t\t\t<\/div>\n\t\t\t\t<\/div>\n\t\t","protected":false},"excerpt":{"rendered":"<p>KOH\u00cbZGJATJA: Qershor 2021 \u2013 2025 PARTNER\u00cbT P\u00cbR ZBATIMFondacioni Albiz, n\u00eb bashk\u00ebpunim me Dauti Komerc dhe Omnium Coaching &amp; Training. PARTNER\u00cbT KRYESOR N\u00cb NIVEL KOMB\u00cbTARAutoritetet lokale t\u00eb Sarajit, Zhelin\u00ebs, B\u00ebrvenic\u00ebs dhe Tearc\u00ebs; Odat ekonomike; Organizatat qytetare; K\u00ebshillat rinoreUeb: https:\/\/allbiz.org.mk\/about-us\/ Allbiz Accelerator \u00ebsht\u00eb nj\u00eb program rajonal q\u00eb mb\u00ebshtet sip\u00ebrmarrjen dhe inovacionin n\u00eb rajonin verilindor t\u00eb Maqedonis\u00eb, si [&hellip;]<\/p>\n","protected":false},"author":8,"featured_media":0,"parent":0,"menu_order":0,"comment_status":"closed","ping_status":"closed","template":"elementor_header_footer","meta":{"footnotes":""},"class_list":["post-10209","page","type-page","status-publish","hentry"],"_links":{"self":[{"href":"https:\/\/albiz.org.mk\/en\/wp-json\/wp\/v2\/pages\/10209","targetHints":{"allow":["GET"]}}],"collection":[{"href":"https:\/\/albiz.org.mk\/en\/wp-json\/wp\/v2\/pages"}],"about":[{"href":"https:\/\/albiz.org.mk\/en\/wp-json\/wp\/v2\/types\/page"}],"author":[{"embeddable":true,"href":"https:\/\/albiz.org.mk\/en\/wp-json\/wp\/v2\/users\/8"}],"replies":[{"embeddable":true,"href":"https:\/\/albiz.org.mk\/en\/wp-json\/wp\/v2\/comments?post=10209"}],"version-history":[{"count":4,"href":"https:\/\/albiz.org.mk\/en\/wp-json\/wp\/v2\/pages\/10209\/revisions"}],"predecessor-version":[{"id":10423,"href":"https:\/\/albiz.org.mk\/en\/wp-json\/wp\/v2\/pages\/10209\/revisions\/10423"}],"wp:attachment":[{"href":"https:\/\/albiz.org.mk\/en\/wp-json\/wp\/v2\/media?parent=10209"}],"curies":[{"name":"wp","href":"https:\/\/api.w.org\/{rel}","templated":true}]}}