{"id":10214,"date":"2024-09-25T06:46:25","date_gmt":"2024-09-25T04:46:25","guid":{"rendered":"https:\/\/albiz.org.mk\/zhvillimi-i-turizmit-ne-saraj-dhe-matke\/"},"modified":"2024-09-25T08:54:31","modified_gmt":"2024-09-25T06:54:31","slug":"zhvillimi-i-turizmit-ne-saraj-dhe-matke","status":"publish","type":"page","link":"https:\/\/albiz.org.mk\/en\/zhvillimi-i-turizmit-ne-saraj-dhe-matke\/","title":{"rendered":"Zhvillimi I Turizmit n\u00eb Saraj dhe Matk\u00eb"},"content":{"rendered":"\t\t<div data-elementor-type=\"wp-page\" data-elementor-id=\"10214\" class=\"elementor elementor-10214 elementor-10060\">\n\t\t\t\t<div class=\"elementor-element elementor-element-43c6cac4 e-grid e-con-boxed e-con e-parent\" data-id=\"43c6cac4\" data-element_type=\"container\" data-e-type=\"container\">\n\t\t\t\t\t<div class=\"e-con-inner\">\n\t\t\t\t<div class=\"elementor-element elementor-element-3edf0a94 elementor-widget elementor-widget-text-editor\" data-id=\"3edf0a94\" data-element_type=\"widget\" data-e-type=\"widget\" data-widget_type=\"text-editor.default\">\n\t\t\t\t<div class=\"elementor-widget-container\">\n\t\t\t\t\t\t\t\t\t<h4>P\u00cbRSHKRIMI I PROGRAMIT<\/h4><p>text<\/p>\t\t\t\t\t\t\t\t<\/div>\n\t\t\t\t<\/div>\n\t\t\t\t<div class=\"elementor-element elementor-element-63a3f527 elementor-widget elementor-widget-text-editor\" data-id=\"63a3f527\" data-element_type=\"widget\" data-e-type=\"widget\" data-widget_type=\"text-editor.default\">\n\t\t\t\t<div class=\"elementor-widget-container\">\n\t\t\t\t\t\t\t\t\t<h4>OBJEKTIVAT<\/h4><p>text<\/p><h4>REZULTATET E PRITURA DHE NDIKIMI<\/h4><p>text<\/p>\t\t\t\t\t\t\t\t<\/div>\n\t\t\t\t<\/div>\n\t\t\t\t\t<\/div>\n\t\t\t\t<\/div>\n\t\t<div class=\"elementor-element elementor-element-414f4b93 e-flex e-con-boxed e-con e-parent\" data-id=\"414f4b93\" data-element_type=\"container\" data-e-type=\"container\" data-settings=\"{&quot;background_background&quot;:&quot;classic&quot;}\">\n\t\t\t\t\t<div class=\"e-con-inner\">\n\t\t<div class=\"elementor-element elementor-element-72401b78 e-con-full e-flex e-con e-child\" data-id=\"72401b78\" data-element_type=\"container\" data-e-type=\"container\">\n\t\t\t\t<div class=\"elementor-element elementor-element-4c155f01 elementor-widget elementor-widget-text-editor\" data-id=\"4c155f01\" data-element_type=\"widget\" data-e-type=\"widget\" data-widget_type=\"text-editor.default\">\n\t\t\t\t<div class=\"elementor-widget-container\">\n\t\t\t\t\t\t\t\t\tKOH\u00cbZGJATJA:\n<strong>data<\/strong>\t\t\t\t\t\t\t\t<\/div>\n\t\t\t\t<\/div>\n\t\t\t\t<\/div>\n\t\t<div class=\"elementor-element elementor-element-7e7d6b8a e-con-full e-flex e-con e-child\" data-id=\"7e7d6b8a\" data-element_type=\"container\" data-e-type=\"container\">\n\t\t\t\t<div class=\"elementor-element elementor-element-33b3eeb elementor-widget elementor-widget-text-editor\" data-id=\"33b3eeb\" data-element_type=\"widget\" data-e-type=\"widget\" data-widget_type=\"text-editor.default\">\n\t\t\t\t<div class=\"elementor-widget-container\">\n\t\t\t\t\t\t\t\t\t<p>PARTNER\u00cbT P\u00cbR ZBATIM<br \/><strong>Fondacioni Albiz<\/strong> n\u00eb bashk\u00ebpunim me:<br \/><br \/><\/p>\t\t\t\t\t\t\t\t<\/div>\n\t\t\t\t<\/div>\n\t\t\t\t<\/div>\n\t\t<div class=\"elementor-element elementor-element-24997fe8 e-con-full e-flex e-con e-child\" data-id=\"24997fe8\" data-element_type=\"container\" data-e-type=\"container\">\n\t\t\t\t<div class=\"elementor-element elementor-element-158d7ce3 elementor-widget__width-initial elementor-widget elementor-widget-text-editor\" data-id=\"158d7ce3\" data-element_type=\"widget\" data-e-type=\"widget\" data-widget_type=\"text-editor.default\">\n\t\t\t\t<div class=\"elementor-widget-container\">\n\t\t\t\t\t\t\t\t\t<p>PARTNER\u00cbT KRYESOR N\u00cb NIVEL KOMB\u00cbTAR<br \/><br \/><\/p>\t\t\t\t\t\t\t\t<\/div>\n\t\t\t\t<\/div>\n\t\t\t\t<\/div>\n\t\t\t\t\t<\/div>\n\t\t\t\t<\/div>\n\t\t<div class=\"elementor-element elementor-element-59e32fb7 e-grid e-con-boxed e-con e-parent\" data-id=\"59e32fb7\" data-element_type=\"container\" data-e-type=\"container\">\n\t\t\t\t\t<div class=\"e-con-inner\">\n\t\t\t\t<div class=\"elementor-element elementor-element-416a72a7 elementor-widget elementor-widget-oxpins-blog\" data-id=\"416a72a7\" data-element_type=\"widget\" data-e-type=\"widget\" data-widget_type=\"oxpins-blog.default\">\n\t\t\t\t<div class=\"elementor-widget-container\">\n\t\t\t\t\t\n\t<!--News One Start-->\n\t<section class=\"news-one\">\n\t\t<div class=\"container\">\n\t\t\t\t\t\t<div class=\"row\">\n\t\t\t\t\t\t\t\t\t\t\t\t\t\t\t\t\t\t\t<\/div>\n\t\t<\/div>\n\t<\/section>\n\t<!--News One End-->\n\n\t\t\t\t<\/div>\n\t\t\t\t<\/div>\n\t\t\t\t\t<\/div>\n\t\t\t\t<\/div>\n\t\t\t\t<\/div>\n\t\t","protected":false},"excerpt":{"rendered":"<p>P\u00cbRSHKRIMI I PROGRAMIT text OBJEKTIVAT text REZULTATET E PRITURA DHE NDIKIMI text KOH\u00cbZGJATJA: data PARTNER\u00cbT P\u00cbR ZBATIM Fondacioni Albiz n\u00eb bashk\u00ebpunim me: PARTNER\u00cbT KRYESOR N\u00cb NIVEL KOMB\u00cbTAR Albiz Foundation Hapja e Stadiumit \u201cBesa Arena\u201d \u2013 nj\u00eb triumf i komunitetit n\u00eb \u00c7ellopek Read More 25 Jul,24 Albiz Foundation Hapja e klubit rinor n\u00eb Tearc\u00eb Read More [&hellip;]<\/p>\n","protected":false},"author":8,"featured_media":0,"parent":0,"menu_order":0,"comment_status":"closed","ping_status":"closed","template":"elementor_header_footer","meta":{"footnotes":""},"class_list":["post-10214","page","type-page","status-publish","hentry"],"_links":{"self":[{"href":"https:\/\/albiz.org.mk\/en\/wp-json\/wp\/v2\/pages\/10214","targetHints":{"allow":["GET"]}}],"collection":[{"href":"https:\/\/albiz.org.mk\/en\/wp-json\/wp\/v2\/pages"}],"about":[{"href":"https:\/\/albiz.org.mk\/en\/wp-json\/wp\/v2\/types\/page"}],"author":[{"embeddable":true,"href":"https:\/\/albiz.org.mk\/en\/wp-json\/wp\/v2\/users\/8"}],"replies":[{"embeddable":true,"href":"https:\/\/albiz.org.mk\/en\/wp-json\/wp\/v2\/comments?post=10214"}],"version-history":[{"count":1,"href":"https:\/\/albiz.org.mk\/en\/wp-json\/wp\/v2\/pages\/10214\/revisions"}],"predecessor-version":[{"id":10216,"href":"https:\/\/albiz.org.mk\/en\/wp-json\/wp\/v2\/pages\/10214\/revisions\/10216"}],"wp:attachment":[{"href":"https:\/\/albiz.org.mk\/en\/wp-json\/wp\/v2\/media?parent=10214"}],"curies":[{"name":"wp","href":"https:\/\/api.w.org\/{rel}","templated":true}]}}