{"id":9260,"date":"2017-06-06T14:29:12","date_gmt":"2017-06-06T12:29:12","guid":{"rendered":"https:\/\/hbcpanel.com\/albiz\/platforma-socio-humanitare\/"},"modified":"2024-08-22T14:37:27","modified_gmt":"2024-08-22T13:37:27","slug":"platforma-socio-humanitare","status":"publish","type":"page","link":"https:\/\/albiz.org.mk\/en\/platforma-socio-humanitare\/","title":{"rendered":"Socio-Humanitarian platform"},"content":{"rendered":"\t\t<div data-elementor-type=\"wp-page\" data-elementor-id=\"9260\" class=\"elementor elementor-9260 elementor-2924\">\n\t\t\t\t<div class=\"elementor-element elementor-element-0a96a6b e-flex e-con-boxed e-con e-parent\" data-id=\"0a96a6b\" data-element_type=\"container\" data-e-type=\"container\">\n\t\t\t\t\t<div class=\"e-con-inner\">\n\t\t\t\t<div class=\"elementor-element elementor-element-844875e elementor-position-inline-start elementor-widget__width-initial elementor-view-default elementor-mobile-position-block-start elementor-widget elementor-widget-icon-box\" data-id=\"844875e\" data-element_type=\"widget\" data-e-type=\"widget\" data-widget_type=\"icon-box.default\">\n\t\t\t\t<div class=\"elementor-widget-container\">\n\t\t\t\t\t\t\t<div class=\"elementor-icon-box-wrapper\">\n\n\t\t\t\t\t\t<div class=\"elementor-icon-box-icon\">\n\t\t\t\t<span  class=\"elementor-icon\">\n\t\t\t\t<i aria-hidden=\"true\" class=\" icon-help\"><\/i>\t\t\t\t<\/span>\n\t\t\t<\/div>\n\t\t\t\n\t\t\t\t\t\t<div class=\"elementor-icon-box-content\">\n\n\t\t\t\t\t\t\t\t\t<h3 class=\"elementor-icon-box-title\">\n\t\t\t\t\t\t<span  >\n\t\t\t\t\t\t\tTo help those in need\t\t\t\t\t\t<\/span>\n\t\t\t\t\t<\/h3>\n\t\t\t\t\n\t\t\t\t\n\t\t\t<\/div>\n\t\t\t\n\t\t<\/div>\n\t\t\t\t\t\t<\/div>\n\t\t\t\t<\/div>\n\t\t\t\t<div class=\"elementor-element elementor-element-fd60d13 elementor-widget elementor-widget-text-editor\" data-id=\"fd60d13\" data-element_type=\"widget\" data-e-type=\"widget\" data-widget_type=\"text-editor.default\">\n\t\t\t\t<div class=\"elementor-widget-container\">\n\t\t\t\t\t\t\t\t\t<p>Fondacioni ALBIZ duke promovuar p\u00ebrgjegj\u00ebsin\u00eb shoq\u00ebrore korporotative dhe filantropin\u00eb si shtylla t\u00eb misionit q\u00eb si institucion tenton ta realizoj\u00eb, n\u00eb veprimtarin\u00eb e vet ka ng\u00ebrthyer programe dhe aktivitete t\u00eb p\u00ebrkushtuara p\u00ebr t\u00eb mir\u00ebn e shoq\u00ebris\u00eb dhe rrethit ku vepron.<\/p><p>Fondacioni ALBIZI veprimtarin\u00eb e vet e ka shtrir\u00eb edhe n\u00eb realizimin e disa programeve dhe aktiviteteve t\u00eb krijuara enkas p\u00ebr ato shtresa shoq\u00ebrore me status t\u00eb rend\u00eb social , duke treguar ndjenj\u00ebn e solidaritetit humanitar.<\/p><p>Programi N\u00eb ndihm\u00eb t\u00eb atyre n\u00eb nevoj\u00eb, Fondacioni ALBIZ\u00a0e realizon n\u00ebp\u00ebrmjet aktiviteteve me karakter socio-humanitar si n\u00eb vijim:<\/p><p>\u2013 <strong>Pako Ushqimore p\u00ebr familjet n\u00eb nevoj\u00eb<\/strong><\/p><p>\u2013 <strong>Ndihm\u00eb financiare\u00a0<\/strong><\/p><p>\u2013 <strong>Materiale nd\u00ebrtimore p\u00ebr familjet pa pullaz mbi kok\u00eb<\/strong><\/p><p>\u2013 <strong>P\u00ebrkrahje financiare p\u00ebr mbulimin e operacioneve dhe trajtimeve tjera mjek\u00ebsore<\/strong><\/p><p>\u2013 <strong>Forma t\u00eb tjera t\u00eb p\u00ebrkrahjes p\u00ebr shtesat e ndjeshme t\u00eb shoq\u00ebris\u00eb<\/strong><\/p><p>Aktivitetet e lartp\u00ebrmendura t\u00eb programit n\u00eb fjal\u00eb jan\u00eb realizuar ad-hok n\u00eb baz\u00eb t\u00eb k\u00ebrkesave t\u00eb pranuara nga qytetar\u00ebt si dhe n\u00eb baz\u00eb t\u00eb projekteve konkrete \u00a0aty ku \u00ebsht\u00eb detektuar nevoja p\u00ebr intervenim me nj\u00ebr\u00ebn nga ndihmesat e ofruara nga Fondacioni ALBIZ.<\/p>\t\t\t\t\t\t\t\t<\/div>\n\t\t\t\t<\/div>\n\t\t\t\t\t<\/div>\n\t\t\t\t<\/div>\n\t\t\t\t<\/div>\n\t\t","protected":false},"excerpt":{"rendered":"<p>To help those in need Fondacioni ALBIZ duke promovuar p\u00ebrgjegj\u00ebsin\u00eb shoq\u00ebrore korporotative dhe filantropin\u00eb si shtylla t\u00eb misionit q\u00eb si institucion tenton ta realizoj\u00eb, n\u00eb veprimtarin\u00eb e vet ka ng\u00ebrthyer programe dhe aktivitete t\u00eb p\u00ebrkushtuara p\u00ebr t\u00eb mir\u00ebn e shoq\u00ebris\u00eb dhe rrethit ku vepron. Fondacioni ALBIZI veprimtarin\u00eb e vet e ka shtrir\u00eb edhe n\u00eb realizimin [&hellip;]<\/p>\n","protected":false},"author":4,"featured_media":0,"parent":0,"menu_order":1,"comment_status":"closed","ping_status":"closed","template":"elementor_header_footer","meta":{"footnotes":""},"class_list":["post-9260","page","type-page","status-publish","hentry"],"_links":{"self":[{"href":"https:\/\/albiz.org.mk\/en\/wp-json\/wp\/v2\/pages\/9260","targetHints":{"allow":["GET"]}}],"collection":[{"href":"https:\/\/albiz.org.mk\/en\/wp-json\/wp\/v2\/pages"}],"about":[{"href":"https:\/\/albiz.org.mk\/en\/wp-json\/wp\/v2\/types\/page"}],"author":[{"embeddable":true,"href":"https:\/\/albiz.org.mk\/en\/wp-json\/wp\/v2\/users\/4"}],"replies":[{"embeddable":true,"href":"https:\/\/albiz.org.mk\/en\/wp-json\/wp\/v2\/comments?post=9260"}],"version-history":[{"count":6,"href":"https:\/\/albiz.org.mk\/en\/wp-json\/wp\/v2\/pages\/9260\/revisions"}],"predecessor-version":[{"id":9267,"href":"https:\/\/albiz.org.mk\/en\/wp-json\/wp\/v2\/pages\/9260\/revisions\/9267"}],"wp:attachment":[{"href":"https:\/\/albiz.org.mk\/en\/wp-json\/wp\/v2\/media?parent=9260"}],"curies":[{"name":"wp","href":"https:\/\/api.w.org\/{rel}","templated":true}]}}